{"id":18,"date":"2019-10-24T14:43:19","date_gmt":"2019-10-24T12:43:19","guid":{"rendered":"http:\/\/w2.dukla.cz\/?page_id=18"},"modified":"2025-08-28T18:16:54","modified_gmt":"2025-08-28T16:16:54","slug":"kontakt","status":"publish","type":"page","link":"https:\/\/www.dukla.cz\/index.php\/kontakt\/","title":{"rendered":"Kontakty"},"content":{"rendered":"<h3><span style=\"color: #0000ff;\">Kontakty TJ Dukla Praha<\/span><\/h3>\n<p>P\u0159edseda\u00a0 PaedDr. Vlastimil \u0160ebela sebelav@seznam.cz<br \/>M\u00edstop\u0159edseda Mgr. Daniel Ka\u0161par, Kaspar.D@seznam.cz<br \/>Ekonom Ing. Zden\u011bk Sauer, sauerz@volny.cz<\/p>\n<h3><span style=\"color: #0000ff;\">Sekretari\u00e1t: tajemnice Alena Fi\u0161erov\u00e1<\/span><\/h3>\n<p>Adresa:\u00a0 \u00a0 \u00a0 Na Julisce 28\/2, 160 00 Praha 6 &#8211; Dejvice<br \/>Email:\u00a0 \u00a0 \u00a0 \u00a0 dukla@dukla.cz<br \/>I\u010c:\u00a0 \u00a0 \u00a0 \u00a0 \u00a0 \u00a0 \u00a0 \u00a000541451<br \/>\u010d\u00edslo \u00fa\u010dtu: 2603211025\/2010<br \/>telefon:\u00a0 \u00a0 \u00a0 \u00a0973203866, 734469736<br \/>\u00fa\u0159edn\u00ed hodiny: \u00fater\u00fd 14 &#8211; 16, \u010dtvrtek 9 &#8211; 11<\/p>\n<h3><span style=\"color: #0000ff;\">Dukla klub<\/span><\/h3>\n<p>Podbabsk\u00e1 1591\/5, 160 00 Praha 6 &#8211; Dejvice<br \/>pond\u011bl\u00ed a p\u00e1tek 10 &#8211; 15, \u00fater\u00fd 13 &#8211; 18<\/p>\n\n\n\n\n<p><\/p>\n","protected":false},"excerpt":{"rendered":"<p>Kontakty TJ Dukla Praha P\u0159edseda\u00a0 PaedDr. Vlastimil \u0160ebela sebelav@seznam.czM\u00edstop\u0159edseda Mgr. Daniel Ka\u0161par, Kaspar.D@seznam.czEkonom Ing. Zden\u011bk Sauer, sauerz@volny.cz Sekretari\u00e1t: tajemnice Alena<\/p>\n","protected":false},"author":1,"featured_media":0,"parent":0,"menu_order":0,"comment_status":"closed","ping_status":"closed","template":"page-templates\/contact.php","meta":{"_editorskit_title_hidden":false,"_editorskit_reading_time":1,"_editorskit_is_block_options_detached":false,"_editorskit_block_options_position":"{}"},"_links":{"self":[{"href":"https:\/\/www.dukla.cz\/index.php\/wp-json\/wp\/v2\/pages\/18"}],"collection":[{"href":"https:\/\/www.dukla.cz\/index.php\/wp-json\/wp\/v2\/pages"}],"about":[{"href":"https:\/\/www.dukla.cz\/index.php\/wp-json\/wp\/v2\/types\/page"}],"author":[{"embeddable":true,"href":"https:\/\/www.dukla.cz\/index.php\/wp-json\/wp\/v2\/users\/1"}],"replies":[{"embeddable":true,"href":"https:\/\/www.dukla.cz\/index.php\/wp-json\/wp\/v2\/comments?post=18"}],"version-history":[{"count":11,"href":"https:\/\/www.dukla.cz\/index.php\/wp-json\/wp\/v2\/pages\/18\/revisions"}],"predecessor-version":[{"id":1207,"href":"https:\/\/www.dukla.cz\/index.php\/wp-json\/wp\/v2\/pages\/18\/revisions\/1207"}],"wp:attachment":[{"href":"https:\/\/www.dukla.cz\/index.php\/wp-json\/wp\/v2\/media?parent=18"}],"curies":[{"name":"wp","href":"https:\/\/api.w.org\/{rel}","templated":true}]}}