{"id":38,"date":"2019-10-24T14:55:44","date_gmt":"2019-10-24T12:55:44","guid":{"rendered":"http:\/\/w2.dukla.cz\/?page_id=38"},"modified":"2021-04-03T13:03:00","modified_gmt":"2021-04-03T11:03:00","slug":"oddil-1","status":"publish","type":"page","link":"https:\/\/www.dukla.cz\/index.php\/oddil-1\/","title":{"rendered":"Baz\u00e9n na Julisce"},"content":{"rendered":"\n<p>Na Julisce je 25 metrov\u00fd baz\u00e9n, kter\u00fd je v majetku Ministerstva obrany.<br><span style=\"background-color:#cf2e2e\" class=\"has-inline-background\"><strong>Nen\u00ed p\u0159\u00edstupn\u00fd pro ve\u0159ejnost<\/strong><\/span>. <br>Slou\u017e\u00ed k p\u0159\u00edprav\u011b sportovc\u016f  ASC DUKLA. Na z\u00e1klad\u011b smlouvy s AHNM jej mohou ve vyhrazen\u00fdch \u010dasech vyu\u017e\u00edvat odd\u00edly TJ Dukla Praha.<\/p>\n","protected":false},"excerpt":{"rendered":"<p>Na Julisce je 25 metrov\u00fd baz\u00e9n, kter\u00fd je v majetku Ministerstva obrany.Nen\u00ed p\u0159\u00edstupn\u00fd pro ve\u0159ejnost. Slou\u017e\u00ed k p\u0159\u00edprav\u011b sportovc\u016f ASC<\/p>\n","protected":false},"author":1,"featured_media":569,"parent":0,"menu_order":0,"comment_status":"closed","ping_status":"closed","template":"","meta":{"_editorskit_title_hidden":false,"_editorskit_reading_time":1,"_editorskit_is_block_options_detached":false,"_editorskit_block_options_position":"{}"},"_links":{"self":[{"href":"https:\/\/www.dukla.cz\/index.php\/wp-json\/wp\/v2\/pages\/38"}],"collection":[{"href":"https:\/\/www.dukla.cz\/index.php\/wp-json\/wp\/v2\/pages"}],"about":[{"href":"https:\/\/www.dukla.cz\/index.php\/wp-json\/wp\/v2\/types\/page"}],"author":[{"embeddable":true,"href":"https:\/\/www.dukla.cz\/index.php\/wp-json\/wp\/v2\/users\/1"}],"replies":[{"embeddable":true,"href":"https:\/\/www.dukla.cz\/index.php\/wp-json\/wp\/v2\/comments?post=38"}],"version-history":[{"count":6,"href":"https:\/\/www.dukla.cz\/index.php\/wp-json\/wp\/v2\/pages\/38\/revisions"}],"predecessor-version":[{"id":575,"href":"https:\/\/www.dukla.cz\/index.php\/wp-json\/wp\/v2\/pages\/38\/revisions\/575"}],"wp:featuredmedia":[{"embeddable":true,"href":"https:\/\/www.dukla.cz\/index.php\/wp-json\/wp\/v2\/media\/569"}],"wp:attachment":[{"href":"https:\/\/www.dukla.cz\/index.php\/wp-json\/wp\/v2\/media?parent=38"}],"curies":[{"name":"wp","href":"https:\/\/api.w.org\/{rel}","templated":true}]}}