{"id":50,"date":"2019-10-24T15:02:36","date_gmt":"2019-10-24T13:02:36","guid":{"rendered":"http:\/\/w2.dukla.cz\/?page_id=50"},"modified":"2026-02-09T12:51:32","modified_gmt":"2026-02-09T11:51:32","slug":"dokumenty","status":"publish","type":"page","link":"https:\/\/www.dukla.cz\/index.php\/dokumenty\/","title":{"rendered":"Dokumenty"},"content":{"rendered":"\n<p>STANOVY naleznete <a href=\"https:\/\/or.justice.cz\/ias\/ui\/vypis-sl-detail?dokument=62619695&amp;subjektId=737029&amp;spis=322255\" class=\"ek-link\">ZDE <\/a>.<\/p>\n\n\n\n<p>USNESEN\u00cd valn\u00e9 hromady TJ<\/p>\n\n\n\n<p><a href=\"https:\/\/www.dukla.cz\/wp-content\/uploads\/2025\/07\/Usneseni-VH-TJ-Dukla-2025.pdf\" class=\"ek-link\">Usnesen\u00ed VH 2025<\/a><\/p>\n\n\n\n<p><a href=\"https:\/\/www.dukla.cz\/wp-content\/uploads\/2024\/09\/Usneseni-63.-VH-TJ-Dukla-Praha-2024-2.pdf\" class=\"ek-link\">Usnesen\u00ed VH 2024<\/a><\/p>\n\n\n\n<p><a href=\"https:\/\/www.dukla.cz\/wp-content\/uploads\/2023\/06\/Usneseni-valne-hromady-2023.doc\" class=\"ek-link\">Usnesen\u00ed VH 2023<\/a><\/p>\n\n\n\n<p>Z\u00c1PISY ze sch\u016fz\u00ed v\u00fdkonn\u00e9ho v\u00fdboru TJ<\/p>\n\n\n\n<p><a href=\"https:\/\/www.dukla.cz\/wp-content\/uploads\/2026\/02\/20260105-zapis-VTJ.pdf\" class=\"ek-link\">5.1.2026<\/a><\/p>\n\n\n\n<p><a href=\"https:\/\/www.dukla.cz\/wp-content\/uploads\/2026\/02\/20251201-zapis-VTJ.pdf\" class=\"ek-link\">1.12.2025<\/a><\/p>\n\n\n\n<p><a href=\"https:\/\/www.dukla.cz\/wp-content\/uploads\/2026\/02\/20251110-zapis-VTJ.pdf\" class=\"ek-link\">1.11.2025<\/a><\/p>\n\n\n\n<p><a href=\"https:\/\/www.dukla.cz\/wp-content\/uploads\/2026\/02\/20251006-zapis-VTJ.pdf\" class=\"ek-link\">6.10.2025<\/a><\/p>\n\n\n\n<p><a href=\"https:\/\/www.dukla.cz\/wp-content\/uploads\/2026\/02\/20250902-zapis-VTJ.pdf\" class=\"ek-link\">2.9.2025<\/a><\/p>\n\n\n\n<p><a href=\"https:\/\/www.dukla.cz\/wp-content\/uploads\/2025\/09\/202500722-zapis-VTJ.pdf\" class=\"ek-link\">22.7.2025<\/a><\/p>\n\n\n\n<p><a href=\"https:\/\/www.dukla.cz\/wp-content\/uploads\/2025\/07\/202500617-zapis-VTJ.pdf\" class=\"ek-link\">17.6.2025<\/a><\/p>\n\n\n\n<p><a href=\"https:\/\/www.dukla.cz\/wp-content\/uploads\/2025\/05\/20250428-zapis-VTJ.pdf\" class=\"ek-link\">28.4.2025<\/a><\/p>\n\n\n\n<p><a href=\"https:\/\/www.dukla.cz\/wp-content\/uploads\/2025\/05\/20250317-zapis-VTJ.pdf\" class=\"ek-link\">17.3.2025<\/a><\/p>\n\n\n\n<p><a href=\"https:\/\/www.dukla.cz\/wp-content\/uploads\/2025\/04\/20250217-zapis-VTJ.pdf\" class=\"ek-link\">17.2.2025<\/a><\/p>\n\n\n\n<p><a href=\"https:\/\/www.dukla.cz\/wp-content\/uploads\/2025\/02\/20250113-zapis-VTJ.pdf\" class=\"ek-link\">13.1.2025<\/a><\/p>\n\n\n\n<p><a href=\"https:\/\/www.dukla.cz\/wp-content\/uploads\/2024\/12\/20241202-zapis-VTJ.pdf\" class=\"ek-link\">2.12.2024<\/a><\/p>\n\n\n\n<p><a href=\"https:\/\/www.dukla.cz\/wp-content\/uploads\/2024\/12\/20241104-zapis-VTJ.pdf\" class=\"ek-link\">4.11.2024<\/a><\/p>\n\n\n\n<p><a href=\"https:\/\/www.dukla.cz\/wp-content\/uploads\/2024\/12\/20241007_zapis_VTJ.pdf\" class=\"ek-link\">7.10.2024<\/a><\/p>\n\n\n\n<p><a href=\"https:\/\/www.dukla.cz\/wp-content\/uploads\/2024\/12\/20240905_zapis_VTJ.pdf\" class=\"ek-link\">5.9.2024<\/a><\/p>\n\n\n\n<p><a href=\"https:\/\/www.dukla.cz\/wp-content\/uploads\/2024\/12\/20240805-zapis-VTJ.pdf\" class=\"ek-link\">5.8.2024<\/a><\/p>\n\n\n\n<p><a href=\"https:\/\/www.dukla.cz\/wp-content\/uploads\/2024\/10\/20240617_zapis_VTJ.pdf\" class=\"ek-link\">17.6.2024<\/a><\/p>\n\n\n\n<p><a href=\"https:\/\/www.dukla.cz\/wp-content\/uploads\/2024\/06\/20240513_zapis_VTJ.pdf\" class=\"ek-link\">13.5.2024<\/a><\/p>\n\n\n\n<p><a href=\"https:\/\/www.dukla.cz\/wp-content\/uploads\/2025\/02\/20240422_zapis_VTJ.pdf\" class=\"ek-link\">22.4.2024<\/a><\/p>\n\n\n\n<p><a href=\"https:\/\/www.dukla.cz\/wp-content\/uploads\/2024\/04\/20240325_zapis_VTJ.doc.pdf\" class=\"ek-link\">25.3.2024<\/a><\/p>\n\n\n\n<p><a href=\"https:\/\/www.dukla.cz\/wp-content\/uploads\/2024\/04\/20240226_zapis_VTJ.doc.pdf\" class=\"ek-link\">26.2.2024<\/a><\/p>\n\n\n\n<p><a href=\"https:\/\/www.dukla.cz\/wp-content\/uploads\/2025\/02\/20240123_zapis_VTJ.doc.pdf\" class=\"ek-link\">23.1.2024<\/a><\/p>\n\n\n\n<p><a href=\"https:\/\/www.dukla.cz\/wp-content\/uploads\/2024\/04\/20231207_zapis_VTJ.doc.pdf\" class=\"ek-link\">7.12.2023<\/a><\/p>\n\n\n\n<p><a href=\"https:\/\/www.dukla.cz\/wp-content\/uploads\/2024\/04\/20231106_zapis_VTJ.doc.pdf\" class=\"ek-link\">6.11.2023<\/a><\/p>\n\n\n\n<p><a href=\"https:\/\/www.dukla.cz\/wp-content\/uploads\/2023\/11\/20231002_zapis_VTJ.doc.pdf\" class=\"ek-link\">2.10.2023<\/a>  <\/p>\n\n\n\n<p><a href=\"https:\/\/www.dukla.cz\/wp-content\/uploads\/2023\/11\/20230904_zapis_VTJ.doc.pdf\" class=\"ek-link\">4.9.2023<\/a>                                       <\/p>\n\n\n\n<p><a href=\"https:\/\/www.dukla.cz\/wp-content\/uploads\/2023\/11\/20230725_zapis_VTJ.doc.pdf\" class=\"ek-link\">25.7.2023<\/a><\/p>\n\n\n\n<p><a href=\"https:\/\/www.dukla.cz\/wp-content\/uploads\/2023\/11\/20230620_zapis_VTJ.pdf\" class=\"ek-link\">20.6.2023<\/a><\/p>\n\n\n\n<p><a href=\"https:\/\/www.dukla.cz\/wp-content\/uploads\/2023\/07\/20230503_zapis_VTJ.pdf\" class=\"ek-link\">3.5.2023<\/a><\/p>\n\n\n\n<p><a href=\"https:\/\/www.dukla.cz\/wp-content\/uploads\/2023\/05\/20230403_zapis_VTJ.pdf\" class=\"ek-link\">3.4.2023<\/a><br><a href=\"https:\/\/www.dukla.cz\/wp-content\/uploads\/2023\/04\/20230227_zapis_VTJ.pdf\" class=\"ek-link\">27.2.2023<\/a><br><a href=\"https:\/\/www.dukla.cz\/wp-content\/uploads\/2023\/04\/20230123_zapis_VTJ-1.pdf\" class=\"ek-link\">23.1.2023<\/a><br><br><a href=\"https:\/\/www.dukla.cz\/wp-content\/uploads\/2023\/04\/20221219-zapis-VTJ.doc.pdf\" class=\"ek-link\">19.12.2022<\/a><br><a href=\"https:\/\/www.dukla.cz\/wp-content\/uploads\/2023\/04\/20220829-zapis-VTJ.doc-1.pdf\" class=\"ek-link\">29.11.2022<\/a><br><a href=\"https:\/\/www.dukla.cz\/wp-content\/uploads\/2023\/04\/20221108-zapis-VTJ.pdf\" class=\"ek-link\">8.11.2022<\/a><br><a href=\"https:\/\/www.dukla.cz\/wp-content\/uploads\/2023\/04\/20221003-zapis-VTJ.doc.pdf\" class=\"ek-link\">3.10.2022<\/a><br><a href=\"https:\/\/www.dukla.cz\/wp-content\/uploads\/2023\/04\/20220829-zapis-VTJ.doc.pdf\" class=\"ek-link\">29.8.2022<\/a><br><a href=\"https:\/\/www.dukla.cz\/wp-content\/uploads\/2023\/04\/20220801-zapis-VTJ.doc.pdf\" class=\"ek-link\">1.8.2022<\/a><br><a href=\"https:\/\/www.dukla.cz\/wp-content\/uploads\/2023\/04\/20220627-zapis-VTJ.doc.pdf\" class=\"ek-link\">27.6.2022<\/a><br><a href=\"https:\/\/www.dukla.cz\/wp-content\/uploads\/2023\/04\/20220530-zapis-VTJ.doc.pdf\" class=\"ek-link\">30.5.2022<\/a><br><a href=\"https:\/\/www.dukla.cz\/wp-content\/uploads\/2023\/04\/20220425-zapis-VTJ.doc.pdf\" class=\"ek-link\">25.4.2022<\/a><br><a href=\"https:\/\/www.dukla.cz\/wp-content\/uploads\/2023\/04\/20220314-zapis-VTJ.doc.pdf\" class=\"ek-link\">14.3.2022<\/a><br><a href=\"https:\/\/www.dukla.cz\/wp-content\/uploads\/2023\/04\/20220207zapis-VTJ.doc.pdf\" class=\"ek-link\">7.2.2022<\/a><br><a class=\"ek-link ek-link\" href=\"https:\/\/www.dukla.cz\/wp-content\/uploads\/2023\/04\/20220110-zapis-VTJ.doc.pdf\">10.1.2022<\/a><\/p>\n\n\n\n<p><a class=\"ek-link ek-link ek-link\" href=\"https:\/\/www.dukla.cz\/wp-content\/uploads\/2023\/04\/20211129-zapis-VTJ.doc.pdf\">29.11.2021<\/a><br><a class=\"ek-link ek-link\" href=\"https:\/\/www.dukla.cz\/wp-content\/uploads\/2023\/04\/20211101-zapis-VTJ.doc.pdf\">01.11.2021<\/a><br><a class=\"ek-link ek-link\" href=\"https:\/\/www.dukla.cz\/wp-content\/uploads\/2023\/04\/20210825-zapis-VTJ.pdf\">25.08.2021<\/a><br><a class=\"ek-link\" href=\"https:\/\/www.dukla.cz\/wp-content\/uploads\/2023\/04\/20210621-zapis-VTJ.pdf\">21.06.2021<\/a><br><a class=\"ek-link\" href=\"https:\/\/www.dukla.cz\/wp-content\/uploads\/2023\/04\/20210524-zapis-VTJ.pdf\">24.05.2021<\/a><br><a class=\"ek-link\" href=\"https:\/\/www.dukla.cz\/wp-content\/uploads\/2023\/04\/20210426-zapis-VTJ.doc.pdf\">26.04.2021<\/a><br><a class=\"ek-link\" href=\"https:\/\/www.dukla.cz\/wp-content\/uploads\/2023\/04\/20210322-zapis-VTJ.doc.pdf\">22.03.2021<\/a><br><a class=\"ek-link\" href=\"https:\/\/www.dukla.cz\/wp-content\/uploads\/2023\/04\/20210222-zapis-VTJ.pdf\">22.02.2021<\/a><br><a class=\"ek-link\" href=\"https:\/\/www.dukla.cz\/wp-content\/uploads\/2023\/04\/20210125-zapis-VTJ.pdf\">25.01.2021<\/a><br><br><a class=\"ek-link\" href=\"https:\/\/www.dukla.cz\/wp-content\/uploads\/2023\/04\/20201124-zapis-VTJ.doc.pdf\">24.11.2020<\/a><br><a class=\"ek-link\" href=\"https:\/\/www.dukla.cz\/wp-content\/uploads\/2023\/04\/20201104-zapis-VTJ.doc.pdf\">04.11.2020<\/a><br><a class=\"ek-link\" href=\"https:\/\/www.dukla.cz\/wp-content\/uploads\/2023\/04\/20200914-zapis-VTJ.pdf\">14.9.2020<\/a><br><a class=\"ek-link\" href=\"https:\/\/www.dukla.cz\/wp-content\/uploads\/2023\/04\/20200803-zapis-VTJ-1.pdf\">03.8.2020<\/a><br><a class=\"ek-link\" href=\"http:\/\/w2.dukla.cz\/wp-content\/uploads\/2020\/08\/20200615-z\u00e1pis-VTJ.pdf\">15.6.2020<\/a><br><a class=\"ek-link\" href=\"http:\/\/w2.dukla.cz\/wp-content\/uploads\/2020\/08\/20200511-z\u00e1pis-VTJ.pdf\">11.5.2020<\/a><br><a class=\"ek-link\" href=\"http:\/\/w2.dukla.cz\/wp-content\/uploads\/2020\/08\/20200414-z\u00e1pis-VTJ.pdf\">14.4.2020<\/a><br><a class=\"ek-link\" href=\"http:\/\/w2.dukla.cz\/wp-content\/uploads\/2020\/08\/20200302-z\u00e1pis-VTJ.pdf\">2.3.2020<\/a><br><a class=\"ek-link\" href=\"http:\/\/w2.dukla.cz\/wp-content\/uploads\/2020\/08\/20200210-z\u00e1pis-VTJ.pdf\">10.2.2020<\/a><br><a class=\"ek-link\" href=\"http:\/\/w2.dukla.cz\/wp-content\/uploads\/2020\/08\/20200113z\u00e1pis-VTJ.pdf\">13.1.2020<\/a><\/p>\n\n\n\n<p><\/p>\n\n\n\n<p><\/p>\n","protected":false},"excerpt":{"rendered":"<p>STANOVY naleznete ZDE . USNESEN\u00cd valn\u00e9 hromady TJ Usnesen\u00ed VH 2025 Usnesen\u00ed VH 2024 Usnesen\u00ed VH 2023 Z\u00c1PISY ze sch\u016fz\u00ed<\/p>\n","protected":false},"author":1,"featured_media":0,"parent":0,"menu_order":0,"comment_status":"closed","ping_status":"closed","template":"","meta":{"_editorskit_title_hidden":false,"_editorskit_reading_time":1,"_editorskit_is_block_options_detached":false,"_editorskit_block_options_position":"{}"},"_links":{"self":[{"href":"https:\/\/www.dukla.cz\/index.php\/wp-json\/wp\/v2\/pages\/50"}],"collection":[{"href":"https:\/\/www.dukla.cz\/index.php\/wp-json\/wp\/v2\/pages"}],"about":[{"href":"https:\/\/www.dukla.cz\/index.php\/wp-json\/wp\/v2\/types\/page"}],"author":[{"embeddable":true,"href":"https:\/\/www.dukla.cz\/index.php\/wp-json\/wp\/v2\/users\/1"}],"replies":[{"embeddable":true,"href":"https:\/\/www.dukla.cz\/index.php\/wp-json\/wp\/v2\/comments?post=50"}],"version-history":[{"count":86,"href":"https:\/\/www.dukla.cz\/index.php\/wp-json\/wp\/v2\/pages\/50\/revisions"}],"predecessor-version":[{"id":1251,"href":"https:\/\/www.dukla.cz\/index.php\/wp-json\/wp\/v2\/pages\/50\/revisions\/1251"}],"wp:attachment":[{"href":"https:\/\/www.dukla.cz\/index.php\/wp-json\/wp\/v2\/media?parent=50"}],"curies":[{"name":"wp","href":"https:\/\/api.w.org\/{rel}","templated":true}]}}