{"id":57,"date":"2019-10-24T15:06:56","date_gmt":"2019-10-24T13:06:56","guid":{"rendered":"http:\/\/w2.dukla.cz\/?page_id=57"},"modified":"2024-09-23T15:59:03","modified_gmt":"2024-09-23T13:59:03","slug":"o-nas","status":"publish","type":"page","link":"https:\/\/www.dukla.cz\/index.php\/o-nas\/","title":{"rendered":"O n\u00e1s"},"content":{"rendered":"\n<p><strong><u>Historie TJ Dukla Praha<\/u><\/strong><\/p>\n\n\n\n<p>V\u00a0\u0159\u00edjnu 1956 byl na z\u00e1klad\u011b sm\u011brnic pro masovou a sportovn\u00ed \u010dinnost MNO pro v\u00fdcvikov\u00fd rok 1956 a\u017e 1957 realizov\u00e1n z\u00e1m\u011br zalo\u017eit u sou\u010d\u00e1st\u00ed arm\u00e1dy vojensk\u00e9 t\u011blov\u00fdchovn\u00e9 jednoty (VTJ) a stanovit jednotn\u00fd n\u00e1zev Dukla pro v\u0161echny sout\u011b\u017e\u00edc\u00ed kolektivy v\u00a0r\u00e1mci \u010cSR. Do\u0161lo k\u00a0delimitaci dru\u017estva vrcholov\u00fdch arm\u00e1dn\u00edch sportovc\u016f z\u00a0\u00daDA do jednotliv\u00fdch pos\u00e1dek. V\u00a0Praze p\u0159i Vojensk\u00e9 t\u011blov\u00fdchovn\u00e9 \u0161kole dr.M.Tyr\u0161e m\u011bla b\u00fdt ponech\u00e1na dru\u017estva atletiky, gymnastiky, st\u0159elby, motorismu, boxu, kopan\u00e9, h\u00e1zen\u00e9 a odb\u00edjen\u00e9. Dal\u0161\u00ed sportovn\u00ed dru\u017estva byla um\u00edst\u011bna do Brna, Liberce, Plzn\u011b, Ko\u0161ic, \u010cesk\u00fdch Bud\u011bjovic, Pardubic, Litom\u011b\u0159ic, Terez\u00edna a\u00a0Bratislavy.<\/p>\n\n\n\n<p>K&nbsp;1.1.1959 se Vojensk\u00e1 t\u011blov\u00fdchovn\u00e1 \u0161kola dr.M.Tyr\u0161e p\u0159est\u011bhovala ze sv\u00e9ho p\u016fsobi\u0161t\u011b na Strahov\u011b do nov\u00e9ho sportovn\u00edho are\u00e1lu Na Julisce, kter\u00fd byl v&nbsp;t\u00e9 dob\u011b ve v\u00fdstavb\u011b. 3.&nbsp;\u010dervence 1960 byl are\u00e1l p\u0159ed\u00e1n z\u00e1stupcem ministra n\u00e1rodn\u00ed obrany plk. Jedli\u010dkou do u\u017e\u00edv\u00e1n\u00ed Dukly Praha.<\/p>\n\n\n\n<p>V&nbsp;\u010dervenci 1959 je u Vojensk\u00e9 t\u011blov\u00fdchovn\u00e9 \u0161kole dr.M.Tyr\u0161e zalo\u017eena vojensk\u00e1 t\u011blov\u00fdchovn\u00e1 jednota Dukla Praha. VTJ byla organizov\u00e1na k&nbsp;pomoci v\u0161estrann\u00e9mu rozvoji jednotliv\u00fdch dru\u017estev Dukly Praha, neust\u00e1l\u00e9mu r\u016fstu jejich v\u00fdkonnosti&nbsp; s&nbsp;ohledem na pot\u0159eby st\u00e1tn\u00ed a arm\u00e1dn\u00ed representace. Org\u00e1ny VTJ m\u011bly organizovat \u010dinnost odd\u00edl\u016f VTJ v&nbsp;\u00fazk\u00e9 spolupr\u00e1ci a p\u016fsobit jako pomocn\u00fd org\u00e1n n\u00e1\u010deln\u00edka Vojensk\u00e9 t\u011blov\u00fdchovn\u00e9 \u0161koly dr.M.Tyr\u0161e, kter\u00fdm byl pplk. Havl\u00edk.<\/p>\n\n\n\n<p>U sportovn\u00edch odd\u00edl\u016f zastoupen\u00fdch v&nbsp;Dukle Praha byla od roku 1959 stanovena tren\u00e9r\u016fm povinnost pe\u010dovat o dru\u017estva ml\u00e1de\u017ee. Po z\u0159\u00edzen\u00ed VTJ u Dukly Praha byla u VTJ organizov\u00e1na ml\u00e1de\u017e v&nbsp;t\u011bch druz\u00edch sportu, kter\u00e9 v&nbsp;Dukle Praha nemaj\u00ed vrcholov\u00e9 arm\u00e1dn\u00ed sportovn\u00ed dru\u017estvo.<\/p>\n\n\n\n<p>P\u0159i reorganizaci arm\u00e1dy po roce 1989 byly VTJ v\u00a0jednotliv\u00fdch pos\u00e1dk\u00e1ch zru\u0161eny a tam kde z\u016fstaly sportovn\u00ed odd\u00edly se p\u0159ejmenovaly na TJ Dukla.\u00a0 V\u00a0sou\u010dasn\u00e9 dob\u011b jsou sdru\u017eeny v\u00a0Unii arm\u00e1dn\u00edch sportovn\u00edch klub\u016f \u010cR. V\u00a0roce 1961 m\u011bla VTJ Dukla Praha 109 \u010dlen\u016f, v\u00a0roce 1967 ji\u017e 2\u00a0600 \u010dlen\u016f. V\u00a0sou\u010dasn\u00e9 dob\u011b m\u00e1 TJ Dukla Praha 2687 \u010dlen\u016f.<\/p>\n","protected":false},"excerpt":{"rendered":"<p>Historie TJ Dukla Praha V\u00a0\u0159\u00edjnu 1956 byl na z\u00e1klad\u011b sm\u011brnic pro masovou a sportovn\u00ed \u010dinnost MNO pro v\u00fdcvikov\u00fd rok 1956<\/p>\n","protected":false},"author":1,"featured_media":0,"parent":0,"menu_order":0,"comment_status":"closed","ping_status":"closed","template":"","meta":{"_editorskit_title_hidden":false,"_editorskit_reading_time":0,"_editorskit_is_block_options_detached":false,"_editorskit_block_options_position":"{}"},"_links":{"self":[{"href":"https:\/\/www.dukla.cz\/index.php\/wp-json\/wp\/v2\/pages\/57"}],"collection":[{"href":"https:\/\/www.dukla.cz\/index.php\/wp-json\/wp\/v2\/pages"}],"about":[{"href":"https:\/\/www.dukla.cz\/index.php\/wp-json\/wp\/v2\/types\/page"}],"author":[{"embeddable":true,"href":"https:\/\/www.dukla.cz\/index.php\/wp-json\/wp\/v2\/users\/1"}],"replies":[{"embeddable":true,"href":"https:\/\/www.dukla.cz\/index.php\/wp-json\/wp\/v2\/comments?post=57"}],"version-history":[{"count":2,"href":"https:\/\/www.dukla.cz\/index.php\/wp-json\/wp\/v2\/pages\/57\/revisions"}],"predecessor-version":[{"id":922,"href":"https:\/\/www.dukla.cz\/index.php\/wp-json\/wp\/v2\/pages\/57\/revisions\/922"}],"wp:attachment":[{"href":"https:\/\/www.dukla.cz\/index.php\/wp-json\/wp\/v2\/media?parent=57"}],"curies":[{"name":"wp","href":"https:\/\/api.w.org\/{rel}","templated":true}]}}