{"id":1013,"date":"2024-09-28T14:08:07","date_gmt":"2024-09-28T12:08:07","guid":{"rendered":"https:\/\/www.dukla.cz\/?post_type=product&#038;p=1013"},"modified":"2024-10-08T09:39:03","modified_gmt":"2024-10-08T07:39:03","slug":"cervene-tricko","status":"publish","type":"product","link":"https:\/\/www.dukla.cz\/index.php\/produkt\/cervene-tricko\/","title":{"rendered":"\u010cerven\u00e9 tri\u010dko"},"content":{"rendered":"<p><img decoding=\"async\" loading=\"lazy\" class=\"alignnone size-medium wp-image-1014\" src=\"https:\/\/www.dukla.cz\/wp-content\/uploads\/2024\/09\/IMG_7845-225x300.jpeg\" alt=\"\" width=\"225\" height=\"300\" srcset=\"https:\/\/www.dukla.cz\/wp-content\/uploads\/2024\/09\/IMG_7845-225x300.jpeg 225w, https:\/\/www.dukla.cz\/wp-content\/uploads\/2024\/09\/IMG_7845-768x1024.jpeg 768w, https:\/\/www.dukla.cz\/wp-content\/uploads\/2024\/09\/IMG_7845-1152x1536.jpeg 1152w, https:\/\/www.dukla.cz\/wp-content\/uploads\/2024\/09\/IMG_7845-600x800.jpeg 600w, https:\/\/www.dukla.cz\/wp-content\/uploads\/2024\/09\/IMG_7845.jpeg 1536w\" sizes=\"(max-width: 225px) 100vw, 225px\" \/><\/p>\n","protected":false},"excerpt":{"rendered":"","protected":false},"featured_media":1014,"comment_status":"open","ping_status":"closed","template":"","meta":{"_editorskit_title_hidden":false,"_editorskit_reading_time":0,"_editorskit_is_block_options_detached":false,"_editorskit_block_options_position":"{}"},"_links":{"self":[{"href":"https:\/\/www.dukla.cz\/index.php\/wp-json\/wp\/v2\/product\/1013"}],"collection":[{"href":"https:\/\/www.dukla.cz\/index.php\/wp-json\/wp\/v2\/product"}],"about":[{"href":"https:\/\/www.dukla.cz\/index.php\/wp-json\/wp\/v2\/types\/product"}],"replies":[{"embeddable":true,"href":"https:\/\/www.dukla.cz\/index.php\/wp-json\/wp\/v2\/comments?post=1013"}],"wp:featuredmedia":[{"embeddable":true,"href":"https:\/\/www.dukla.cz\/index.php\/wp-json\/wp\/v2\/media\/1014"}],"wp:attachment":[{"href":"https:\/\/www.dukla.cz\/index.php\/wp-json\/wp\/v2\/media?parent=1013"}],"curies":[{"name":"wp","href":"https:\/\/api.w.org\/{rel}","templated":true}]}}