{"id":485,"date":"2021-03-09T20:55:46","date_gmt":"2021-03-09T19:55:46","guid":{"rendered":"https:\/\/www.dukla.cz\/?post_type=product&#038;p=485"},"modified":"2025-02-19T19:08:54","modified_gmt":"2025-02-19T18:08:54","slug":"detska-cepice","status":"publish","type":"product","link":"https:\/\/www.dukla.cz\/index.php\/produkt\/detska-cepice\/","title":{"rendered":"D\u011btsk\u00e1 \u010depice"},"content":{"rendered":"<p><img decoding=\"async\" loading=\"lazy\" class=\"alignnone size-medium wp-image-486\" src=\"https:\/\/www.dukla.cz\/wp-content\/uploads\/2021\/03\/IMG_3002-229x300.jpeg\" alt=\"\" width=\"229\" height=\"300\" srcset=\"https:\/\/www.dukla.cz\/wp-content\/uploads\/2021\/03\/IMG_3002-229x300.jpeg 229w, https:\/\/www.dukla.cz\/wp-content\/uploads\/2021\/03\/IMG_3002-783x1024.jpeg 783w, https:\/\/www.dukla.cz\/wp-content\/uploads\/2021\/03\/IMG_3002-768x1004.jpeg 768w, https:\/\/www.dukla.cz\/wp-content\/uploads\/2021\/03\/IMG_3002-1175x1536.jpeg 1175w, https:\/\/www.dukla.cz\/wp-content\/uploads\/2021\/03\/IMG_3002-1566x2048.jpeg 1566w, https:\/\/www.dukla.cz\/wp-content\/uploads\/2021\/03\/IMG_3002-600x785.jpeg 600w, https:\/\/www.dukla.cz\/wp-content\/uploads\/2021\/03\/IMG_3002-scaled.jpeg 1958w\" sizes=\"(max-width: 229px) 100vw, 229px\" \/><\/p>\n","protected":false},"excerpt":{"rendered":"","protected":false},"featured_media":486,"comment_status":"open","ping_status":"closed","template":"","meta":{"_editorskit_title_hidden":false,"_editorskit_reading_time":0,"_editorskit_is_block_options_detached":false,"_editorskit_block_options_position":"{}"},"_links":{"self":[{"href":"https:\/\/www.dukla.cz\/index.php\/wp-json\/wp\/v2\/product\/485"}],"collection":[{"href":"https:\/\/www.dukla.cz\/index.php\/wp-json\/wp\/v2\/product"}],"about":[{"href":"https:\/\/www.dukla.cz\/index.php\/wp-json\/wp\/v2\/types\/product"}],"replies":[{"embeddable":true,"href":"https:\/\/www.dukla.cz\/index.php\/wp-json\/wp\/v2\/comments?post=485"}],"wp:featuredmedia":[{"embeddable":true,"href":"https:\/\/www.dukla.cz\/index.php\/wp-json\/wp\/v2\/media\/486"}],"wp:attachment":[{"href":"https:\/\/www.dukla.cz\/index.php\/wp-json\/wp\/v2\/media?parent=485"}],"curies":[{"name":"wp","href":"https:\/\/api.w.org\/{rel}","templated":true}]}}