{"id":515,"date":"2021-03-09T21:15:23","date_gmt":"2021-03-09T20:15:23","guid":{"rendered":"https:\/\/www.dukla.cz\/?post_type=product&#038;p=515"},"modified":"2024-10-10T13:04:21","modified_gmt":"2024-10-10T11:04:21","slug":"nakrcnik","status":"publish","type":"product","link":"https:\/\/www.dukla.cz\/index.php\/produkt\/nakrcnik\/","title":{"rendered":"N\u00e1kr\u010dn\u00edk"},"content":{"rendered":"<p><img decoding=\"async\" loading=\"lazy\" class=\"alignnone size-medium wp-image-516\" src=\"https:\/\/www.dukla.cz\/wp-content\/uploads\/2021\/03\/IMG_3004-225x300.jpeg\" alt=\"\" width=\"225\" height=\"300\" srcset=\"https:\/\/www.dukla.cz\/wp-content\/uploads\/2021\/03\/IMG_3004-225x300.jpeg 225w, https:\/\/www.dukla.cz\/wp-content\/uploads\/2021\/03\/IMG_3004-768x1024.jpeg 768w, https:\/\/www.dukla.cz\/wp-content\/uploads\/2021\/03\/IMG_3004-1152x1536.jpeg 1152w, https:\/\/www.dukla.cz\/wp-content\/uploads\/2021\/03\/IMG_3004-1536x2048.jpeg 1536w, https:\/\/www.dukla.cz\/wp-content\/uploads\/2021\/03\/IMG_3004-600x800.jpeg 600w, https:\/\/www.dukla.cz\/wp-content\/uploads\/2021\/03\/IMG_3004-scaled.jpeg 1920w\" sizes=\"(max-width: 225px) 100vw, 225px\" \/> <img decoding=\"async\" loading=\"lazy\" class=\"alignnone size-medium wp-image-517\" src=\"https:\/\/www.dukla.cz\/wp-content\/uploads\/2021\/03\/IMG_3007-225x300.jpeg\" alt=\"\" width=\"225\" height=\"300\" srcset=\"https:\/\/www.dukla.cz\/wp-content\/uploads\/2021\/03\/IMG_3007-225x300.jpeg 225w, https:\/\/www.dukla.cz\/wp-content\/uploads\/2021\/03\/IMG_3007-768x1024.jpeg 768w, https:\/\/www.dukla.cz\/wp-content\/uploads\/2021\/03\/IMG_3007-1152x1536.jpeg 1152w, https:\/\/www.dukla.cz\/wp-content\/uploads\/2021\/03\/IMG_3007-1536x2048.jpeg 1536w, https:\/\/www.dukla.cz\/wp-content\/uploads\/2021\/03\/IMG_3007-600x800.jpeg 600w, https:\/\/www.dukla.cz\/wp-content\/uploads\/2021\/03\/IMG_3007-scaled.jpeg 1920w\" sizes=\"(max-width: 225px) 100vw, 225px\" \/><\/p>\n","protected":false},"excerpt":{"rendered":"","protected":false},"featured_media":517,"comment_status":"open","ping_status":"closed","template":"","meta":{"_editorskit_title_hidden":false,"_editorskit_reading_time":0,"_editorskit_is_block_options_detached":false,"_editorskit_block_options_position":"{}"},"_links":{"self":[{"href":"https:\/\/www.dukla.cz\/index.php\/wp-json\/wp\/v2\/product\/515"}],"collection":[{"href":"https:\/\/www.dukla.cz\/index.php\/wp-json\/wp\/v2\/product"}],"about":[{"href":"https:\/\/www.dukla.cz\/index.php\/wp-json\/wp\/v2\/types\/product"}],"replies":[{"embeddable":true,"href":"https:\/\/www.dukla.cz\/index.php\/wp-json\/wp\/v2\/comments?post=515"}],"wp:featuredmedia":[{"embeddable":true,"href":"https:\/\/www.dukla.cz\/index.php\/wp-json\/wp\/v2\/media\/517"}],"wp:attachment":[{"href":"https:\/\/www.dukla.cz\/index.php\/wp-json\/wp\/v2\/media?parent=515"}],"curies":[{"name":"wp","href":"https:\/\/api.w.org\/{rel}","templated":true}]}}