{"id":950,"date":"2024-09-28T13:32:39","date_gmt":"2024-09-28T11:32:39","guid":{"rendered":"https:\/\/www.dukla.cz\/?post_type=product&#038;p=950"},"modified":"2025-02-19T19:25:15","modified_gmt":"2025-02-19T18:25:15","slug":"hrnek-bily-maly","status":"publish","type":"product","link":"https:\/\/www.dukla.cz\/index.php\/produkt\/hrnek-bily-maly\/","title":{"rendered":"Hrnek b\u00edl\u00fd mal\u00fd"},"content":{"rendered":"<p><img decoding=\"async\" loading=\"lazy\" class=\"alignnone size-medium wp-image-951\" src=\"https:\/\/www.dukla.cz\/wp-content\/uploads\/2024\/09\/IMG_7821-225x300.jpeg\" alt=\"\" width=\"225\" height=\"300\" srcset=\"https:\/\/www.dukla.cz\/wp-content\/uploads\/2024\/09\/IMG_7821-225x300.jpeg 225w, https:\/\/www.dukla.cz\/wp-content\/uploads\/2024\/09\/IMG_7821-768x1024.jpeg 768w, https:\/\/www.dukla.cz\/wp-content\/uploads\/2024\/09\/IMG_7821-1152x1536.jpeg 1152w, https:\/\/www.dukla.cz\/wp-content\/uploads\/2024\/09\/IMG_7821-600x800.jpeg 600w, https:\/\/www.dukla.cz\/wp-content\/uploads\/2024\/09\/IMG_7821.jpeg 1536w\" sizes=\"(max-width: 225px) 100vw, 225px\" \/><\/p>\n","protected":false},"excerpt":{"rendered":"","protected":false},"featured_media":951,"comment_status":"open","ping_status":"closed","template":"","meta":{"_editorskit_title_hidden":false,"_editorskit_reading_time":0,"_editorskit_is_block_options_detached":false,"_editorskit_block_options_position":"{}"},"_links":{"self":[{"href":"https:\/\/www.dukla.cz\/index.php\/wp-json\/wp\/v2\/product\/950"}],"collection":[{"href":"https:\/\/www.dukla.cz\/index.php\/wp-json\/wp\/v2\/product"}],"about":[{"href":"https:\/\/www.dukla.cz\/index.php\/wp-json\/wp\/v2\/types\/product"}],"replies":[{"embeddable":true,"href":"https:\/\/www.dukla.cz\/index.php\/wp-json\/wp\/v2\/comments?post=950"}],"wp:featuredmedia":[{"embeddable":true,"href":"https:\/\/www.dukla.cz\/index.php\/wp-json\/wp\/v2\/media\/951"}],"wp:attachment":[{"href":"https:\/\/www.dukla.cz\/index.php\/wp-json\/wp\/v2\/media?parent=950"}],"curies":[{"name":"wp","href":"https:\/\/api.w.org\/{rel}","templated":true}]}}