{"id":992,"date":"2024-09-28T13:59:19","date_gmt":"2024-09-28T11:59:19","guid":{"rendered":"https:\/\/www.dukla.cz\/?post_type=product&#038;p=992"},"modified":"2025-02-19T19:23:56","modified_gmt":"2025-02-19T18:23:56","slug":"dres-bavlneny-dlouhy-rukav","status":"publish","type":"product","link":"https:\/\/www.dukla.cz\/index.php\/produkt\/dres-bavlneny-dlouhy-rukav\/","title":{"rendered":"Dres bavln\u011bn\u00fd, dlouh\u00fd ruk\u00e1v"},"content":{"rendered":"<p><img decoding=\"async\" loading=\"lazy\" class=\"alignnone size-medium wp-image-994\" src=\"https:\/\/www.dukla.cz\/wp-content\/uploads\/2024\/09\/IMG_7842-260x300.jpeg\" alt=\"\" width=\"260\" height=\"300\" srcset=\"https:\/\/www.dukla.cz\/wp-content\/uploads\/2024\/09\/IMG_7842-260x300.jpeg 260w, https:\/\/www.dukla.cz\/wp-content\/uploads\/2024\/09\/IMG_7842-888x1024.jpeg 888w, https:\/\/www.dukla.cz\/wp-content\/uploads\/2024\/09\/IMG_7842-768x885.jpeg 768w, https:\/\/www.dukla.cz\/wp-content\/uploads\/2024\/09\/IMG_7842-1333x1536.jpeg 1333w, https:\/\/www.dukla.cz\/wp-content\/uploads\/2024\/09\/IMG_7842-600x692.jpeg 600w, https:\/\/www.dukla.cz\/wp-content\/uploads\/2024\/09\/IMG_7842.jpeg 1652w\" sizes=\"(max-width: 260px) 100vw, 260px\" \/> <img decoding=\"async\" loading=\"lazy\" class=\"alignnone size-medium wp-image-993\" src=\"https:\/\/www.dukla.cz\/wp-content\/uploads\/2024\/09\/IMG_7841-225x300.jpeg\" alt=\"\" width=\"225\" height=\"300\" srcset=\"https:\/\/www.dukla.cz\/wp-content\/uploads\/2024\/09\/IMG_7841-225x300.jpeg 225w, https:\/\/www.dukla.cz\/wp-content\/uploads\/2024\/09\/IMG_7841-768x1024.jpeg 768w, https:\/\/www.dukla.cz\/wp-content\/uploads\/2024\/09\/IMG_7841-1152x1536.jpeg 1152w, https:\/\/www.dukla.cz\/wp-content\/uploads\/2024\/09\/IMG_7841-600x800.jpeg 600w, https:\/\/www.dukla.cz\/wp-content\/uploads\/2024\/09\/IMG_7841.jpeg 1536w\" sizes=\"(max-width: 225px) 100vw, 225px\" \/><\/p>\n","protected":false},"excerpt":{"rendered":"","protected":false},"featured_media":994,"comment_status":"open","ping_status":"closed","template":"","meta":{"_editorskit_title_hidden":false,"_editorskit_reading_time":0,"_editorskit_is_block_options_detached":false,"_editorskit_block_options_position":"{}"},"_links":{"self":[{"href":"https:\/\/www.dukla.cz\/index.php\/wp-json\/wp\/v2\/product\/992"}],"collection":[{"href":"https:\/\/www.dukla.cz\/index.php\/wp-json\/wp\/v2\/product"}],"about":[{"href":"https:\/\/www.dukla.cz\/index.php\/wp-json\/wp\/v2\/types\/product"}],"replies":[{"embeddable":true,"href":"https:\/\/www.dukla.cz\/index.php\/wp-json\/wp\/v2\/comments?post=992"}],"wp:featuredmedia":[{"embeddable":true,"href":"https:\/\/www.dukla.cz\/index.php\/wp-json\/wp\/v2\/media\/994"}],"wp:attachment":[{"href":"https:\/\/www.dukla.cz\/index.php\/wp-json\/wp\/v2\/media?parent=992"}],"curies":[{"name":"wp","href":"https:\/\/api.w.org\/{rel}","templated":true}]}}